{"id":8097,"date":"2021-01-19T13:51:45","date_gmt":"2021-01-19T11:51:45","guid":{"rendered":"https:\/\/www.polycon.fi\/?page_id=8097"},"modified":"2023-06-16T16:18:21","modified_gmt":"2023-06-16T13:18:21","slug":"tietosuojaseloste","status":"publish","type":"page","link":"https:\/\/www.polycon.fi\/sv\/tietosuojaseloste\/","title":{"rendered":"Tietosuojaseloste"},"content":{"rendered":"<div data-elementor-type=\"wp-page\" data-elementor-id=\"8097\" class=\"elementor elementor-8097\" data-elementor-post-type=\"page\">\n\t\t\t\t\t\t<section class=\"elementor-section elementor-top-section elementor-element elementor-element-342b995 elementor-section-boxed elementor-section-height-default elementor-section-height-default\" data-id=\"342b995\" data-element_type=\"section\" data-e-type=\"section\">\n\t\t\t\t\t\t<div class=\"elementor-container elementor-column-gap-default\">\n\t\t\t\t\t<div class=\"elementor-column elementor-col-100 elementor-top-column elementor-element elementor-element-1b7659e\" data-id=\"1b7659e\" data-element_type=\"column\" data-e-type=\"column\">\n\t\t\t<div class=\"elementor-widget-wrap elementor-element-populated\">\n\t\t\t\t\t\t<div class=\"elementor-element elementor-element-a31ed85 elementor-widget elementor-widget-text-editor\" data-id=\"a31ed85\" data-element_type=\"widget\" data-e-type=\"widget\" data-widget_type=\"text-editor.default\">\n\t\t\t\t<div class=\"elementor-widget-container\">\n\t\t\t\t\t\t\t\t\t<h4 style=\"text-align: center;\"><span style=\"color: #00788f;\">Tietosuojaseloste<\/span><\/h4>\t\t\t\t\t\t\t\t<\/div>\n\t\t\t\t<\/div>\n\t\t\t\t<div class=\"elementor-element elementor-element-8b5c883 elementor-widget elementor-widget-text-editor\" data-id=\"8b5c883\" data-element_type=\"widget\" data-e-type=\"widget\" data-widget_type=\"text-editor.default\">\n\t\t\t\t<div class=\"elementor-widget-container\">\n\t\t\t\t\t\t\t\t\t<p class=\"MsoNormal\">T\u00e4m\u00e4 on EU:n yleisen tietosuoja-asetuksen (679\/2016), art. 12 mukainen selvitys henkil\u00f6tietojen k\u00e4sittelyst\u00e4.<\/p>\t\t\t\t\t\t\t\t<\/div>\n\t\t\t\t<\/div>\n\t\t\t\t\t<\/div>\n\t\t<\/div>\n\t\t\t\t\t<\/div>\n\t\t<\/section>\n\t\t\t\t<section class=\"elementor-section elementor-top-section elementor-element elementor-element-01d03c6 elementor-section-boxed elementor-section-height-default elementor-section-height-default\" data-id=\"01d03c6\" data-element_type=\"section\" data-e-type=\"section\">\n\t\t\t\t\t\t<div class=\"elementor-container elementor-column-gap-default\">\n\t\t\t\t\t<div class=\"elementor-column elementor-col-100 elementor-top-column elementor-element elementor-element-64178b6\" data-id=\"64178b6\" data-element_type=\"column\" data-e-type=\"column\">\n\t\t\t<div class=\"elementor-widget-wrap elementor-element-populated\">\n\t\t\t\t\t\t<div class=\"elementor-element elementor-element-c1fe2f4 elementor-widget elementor-widget-text-editor\" data-id=\"c1fe2f4\" data-element_type=\"widget\" data-e-type=\"widget\" data-widget_type=\"text-editor.default\">\n\t\t\t\t<div class=\"elementor-widget-container\">\n\t\t\t\t\t\t\t\t\t<p><strong>1. REKISTERINPIT\u00c4J\u00c4<\/strong><\/p><p>Polycon Oy<\/p><p>Y-tunnus: 0600956-7<\/p><p>Linnoitustie 2A, 02600 ESPOO<\/p><p>p. 010 470 9680<\/p><p><strong>2. TIETOSUOJA-ASIOITA KOSKEVAT YHTEYDENOTOT<\/strong><\/p><p><em>Tietosuojavastaava<\/em><\/p><p>s\u00e4hk\u00f6posti: tietosuoja@polycon.fi<\/p><p>Kaikissa henkil\u00f6tietojen k\u00e4sittelyyn liittyviss\u00e4 kysymyksiss\u00e4 ja omien oikeuksien k\u00e4ytt\u00e4miseen liittyviss\u00e4 tilanteissa rekister\u00f6ity\u00e4 kehotetaan ottamaan yhteytt\u00e4 edell\u00e4 mainittuun s\u00e4hk\u00f6postiosoitteeseen.<\/p><p><strong>3. REKISTERIN NIMI<\/strong><\/p><p>Polycon Oy:n asiakastietojen\/henkil\u00f6tietojen rekisteri<\/p><p><strong>4. HENKIL\u00d6TIETOJEN K\u00c4SITTELYN PERUSTE JA TARKOITUS<\/strong><\/p><p>Henkil\u00f6tietoja k\u00e4sitell\u00e4\u00e4n Polycon Oy:n sis\u00e4isen toiminnan hallinnointiin sek\u00e4 asiakassuhteen ja asiakasviestinn\u00e4n hoitamiseen.<\/p><p><strong>5. K\u00c4SITELT\u00c4V\u00c4T HENKIL\u00d6TIEDOT<\/strong><\/p><p>Rekisteriin ker\u00e4t\u00e4\u00e4n henkil\u00f6st\u00f6st\u00e4 ja asiakkaista seuraavat tiedot:<\/p><p>k\u00e4ytt\u00e4j\u00e4kohtaiset tiedot: nimitiedot, osoitetiedot, s\u00e4hk\u00f6postiosoite ja matkapuhelinnumero sek\u00e4<br \/>rekrytoitavien hakijoiden hakemus- ja henkil\u00f6tiedot.<\/p><p><strong>6. S\u00c4\u00c4NN\u00d6NMUKAISET TIETOL\u00c4HTEET<\/strong><\/p><p>Rekister\u00f6ity\u00e4 koskevia henkil\u00f6tietoja saadaan rekister\u00f6idylt\u00e4 itselt\u00e4\u00e4n tai asiakasyrityksen edustajalta asiakassuhteen aikana.<\/p><p><strong>7. TIETOJEN S\u00c4\u00c4NN\u00d6NMUKAISET LUOVUTUKSET<\/strong><\/p><p>Polycon ei k\u00e4yt\u00e4 tai hy\u00f6dynn\u00e4 aineistoa muuhun kuin ydintoimintansa mukaiseen tarkoitukseen. Asiakkaan aineistoa ei n\u00e4ytet\u00e4, eik\u00e4 luovuteta sivulliselle eik\u00e4 anneta sit\u00e4 oikeudetta teknisen k\u00e4ytt\u00f6yhteyden avulla tai muulla tavalla sivullisen n\u00e4ht\u00e4v\u00e4ksi tai k\u00e4ytett\u00e4v\u00e4ksi. Muilta osin rekisterinpit\u00e4j\u00e4 ei luovuta rekisteriss\u00e4 olevia tietoja ulkopuolisille.<\/p><p><strong>8. REKISTERIN SUOJAUKSEN PERIAATTEET<\/strong><\/p><p>Rekisteri on niiden Polycon Oy:n omaan ja asiakkaiden henkil\u00f6kuntaan kuuluvien henkil\u00f6iden k\u00e4yt\u00f6ss\u00e4, jotka tarvitsevat tietoja teht\u00e4viss\u00e4\u00e4n. Rekisteriss\u00e4 olevan tiedon muokkaaminen edellytt\u00e4\u00e4 henkil\u00f6kohtaista k\u00e4ytt\u00e4j\u00e4tunnusta ja salasanaa. K\u00e4ytt\u00e4j\u00e4tunnus ja salasana annetaan k\u00e4ytt\u00f6oikeuden my\u00f6nt\u00e4misen yhteydess\u00e4. K\u00e4ytt\u00f6oikeus p\u00e4\u00e4ttyy henkil\u00f6n siirtyess\u00e4 Polycon Oy:ss\u00e4 tai Polycon Oy:n asiakasorganisaatioissa pois niist\u00e4 teht\u00e4vist\u00e4, joita varten h\u00e4nelle on k\u00e4ytt\u00f6oikeus my\u00f6nnetty.<\/p><p>Tiedot on suojattu tahalliselta ja tahattomalta tuhoutumiselta. Tiedostoista otetut varmuuskopiot s\u00e4ilytet\u00e4\u00e4n turvallisessa paikassa. J\u00e4rjestelm\u00e4n sis\u00e4iset tietoyhteydet on toteutettu suljetulla verkolla. Ulkopuoliset yhteydet on suojattu palomuurein. Polycon Oy s\u00e4ilytt\u00e4\u00e4 tiedot sovellettavissa olevien, lakis\u00e4\u00e4teisten ja eettisten ilmoitusvelvollisuutta ja asiakirjojen s\u00e4ilytt\u00e4mist\u00e4 koskevien vaatimusten mukaisesti.<\/p><p><strong>9. TIETOJEN S\u00c4ILYTYSAIKA<\/strong><\/p><p>Rekisterinpit\u00e4j\u00e4 k\u00e4sittelee henkil\u00f6tietoja vain niin kauan, kun ne ovat tarpeen henkil\u00f6tietojen k\u00e4ytt\u00f6tarkoituksen kannalta.<\/p><p><strong>10. HENKIL\u00d6TIETOJEN SIIRROT KOLMANSIIN MAIHIN<\/strong><\/p><p>Tietoja ei siirret\u00e4 Suomen ulkopuolelle.<\/p><p><strong>11. REKISTER\u00d6IDYN OIKEUDET<\/strong><\/p><p><em>Oikeus saada p\u00e4\u00e4sy henkil\u00f6tietoihin<\/em><\/p><p>Rekister\u00f6idyll\u00e4 on oikeus saada vahvistus siit\u00e4, k\u00e4sitell\u00e4\u00e4nk\u00f6 h\u00e4nt\u00e4 koskevia henkil\u00f6tietoja, ja jos k\u00e4sitell\u00e4\u00e4n, oikeus saada kopio henkil\u00f6tiedoistaan.<\/p><p><em>Oikeus tietojen oikaisemiseen<\/em><\/p><p>Rekister\u00f6idyll\u00e4 on oikeus pyyt\u00e4\u00e4, ett\u00e4 h\u00e4nt\u00e4 koskevat ep\u00e4tarkat ja virheelliset henkil\u00f6tiedot korjataan. Rekister\u00f6idyll\u00e4 on my\u00f6s oikeus saada puutteelliset henkil\u00f6tiedot t\u00e4ydennetty\u00e4 toimittamalla tarvittavat lis\u00e4tiedot.<\/p><p><em>Oikeus tietojen poistamiseen<\/em><\/p><p>Rekister\u00f6idyll\u00e4 on oikeus pyyt\u00e4\u00e4 itse\u00e4\u00e4n koskevien henkil\u00f6tietojen poistamista, jos<\/p><p>a. henkil\u00f6tietoja ei en\u00e4\u00e4 tarvita niihin tarkoituksiin, joita varten ne on ker\u00e4tty.<\/p><p>b. henkil\u00f6tietoja on k\u00e4sitelty lainvastaisesti.<\/p><p><em>Oikeus olla joutumatta automatisoitujen p\u00e4\u00e4t\u00f6sten kohteeksi<\/em><\/p><p>Polycon ei suorita automaattista p\u00e4\u00e4t\u00f6ksentekoa tai profilointia.<\/p><p><em>Oikeus siirt\u00e4\u00e4 tiedot j\u00e4rjestelm\u00e4st\u00e4 toiseen<\/em><\/p><p>Rekister\u00f6idyll\u00e4 on oikeus saada h\u00e4nt\u00e4 koskevat ja h\u00e4nen itse toimittamansa henkil\u00f6tiedot j\u00e4sennellyss\u00e4, yleisesti k\u00e4ytetyss\u00e4 ja koneellisesti luettavassa muodossa ja oikeus siirt\u00e4\u00e4 kyseiset tiedot toiselle rekisterinpit\u00e4j\u00e4lle.<\/p><p><em>Oikeus tehd\u00e4 valitus valvontaviranomaiselle<\/em><\/p><p>Henkil\u00f6tietoasioiden kansallisena valvontaviranomaisena on oikeusministeri\u00f6n yhteydess\u00e4 toimiva tietosuojavaltuutetun toimisto. Sinulla on oikeus saattaa asiasi valvontaviranomaisen k\u00e4sitelt\u00e4v\u00e4ksi, jos katsot, ett\u00e4 sinua koskevien henkil\u00f6tietojen k\u00e4sittelyss\u00e4 rikotaan sit\u00e4 koskevaa lains\u00e4\u00e4d\u00e4nt\u00f6\u00e4.<\/p>\t\t\t\t\t\t\t\t<\/div>\n\t\t\t\t<\/div>\n\t\t\t\t\t<\/div>\n\t\t<\/div>\n\t\t\t\t\t<\/div>\n\t\t<\/section>\n\t\t\t\t<\/div>","protected":false},"excerpt":{"rendered":"<p>Tietosuojaseloste T\u00e4m\u00e4 on EU:n yleisen tietosuoja-asetuksen (679\/2016), art. 12 mukainen selvitys henkil\u00f6tietojen k\u00e4sittelyst\u00e4. 1. REKISTERINPIT\u00c4J\u00c4 Polycon Oy Y-tunnus: 0600956-7 Linnoitustie 2A, 02600 ESPOO p. 010 470 9680 2. TIETOSUOJA-ASIOITA KOSKEVAT YHTEYDENOTOT Tietosuojavastaava s\u00e4hk\u00f6posti: tietosuoja@polycon.fi Kaikissa henkil\u00f6tietojen k\u00e4sittelyyn liittyviss\u00e4 kysymyksiss\u00e4 ja omien oikeuksien k\u00e4ytt\u00e4miseen liittyviss\u00e4 tilanteissa rekister\u00f6ity\u00e4 kehotetaan ottamaan yhteytt\u00e4 edell\u00e4 mainittuun s\u00e4hk\u00f6postiosoitteeseen. 3. REKISTERIN NIMI [&hellip;]<\/p>\n","protected":false},"author":1,"featured_media":0,"parent":0,"menu_order":0,"comment_status":"closed","ping_status":"closed","template":"","meta":{"site-sidebar-layout":"no-sidebar","site-content-layout":"page-builder","ast-site-content-layout":"default","site-content-style":"default","site-sidebar-style":"default","ast-global-header-display":"","ast-banner-title-visibility":"","ast-main-header-display":"","ast-hfb-above-header-display":"","ast-hfb-below-header-display":"","ast-hfb-mobile-header-display":"","site-post-title":"disabled","ast-breadcrumbs-content":"","ast-featured-img":"disabled","footer-sml-layout":"","ast-disable-related-posts":"","theme-transparent-header-meta":"default","adv-header-id-meta":"","stick-header-meta":"","header-above-stick-meta":"","header-main-stick-meta":"","header-below-stick-meta":"","astra-migrate-meta-layouts":"default","ast-page-background-enabled":"default","ast-page-background-meta":{"desktop":{"background-color":"","background-image":"","background-repeat":"repeat","background-position":"center center","background-size":"auto","background-attachment":"scroll","background-type":"","background-media":"","overlay-type":"","overlay-color":"","overlay-opacity":"","overlay-gradient":""},"tablet":{"background-color":"","background-image":"","background-repeat":"repeat","background-position":"center center","background-size":"auto","background-attachment":"scroll","background-type":"","background-media":"","overlay-type":"","overlay-color":"","overlay-opacity":"","overlay-gradient":""},"mobile":{"background-color":"","background-image":"","background-repeat":"repeat","background-position":"center center","background-size":"auto","background-attachment":"scroll","background-type":"","background-media":"","overlay-type":"","overlay-color":"","overlay-opacity":"","overlay-gradient":""}},"ast-content-background-meta":{"desktop":{"background-color":"var(--ast-global-color-5)","background-image":"","background-repeat":"repeat","background-position":"center center","background-size":"auto","background-attachment":"scroll","background-type":"","background-media":"","overlay-type":"","overlay-color":"","overlay-opacity":"","overlay-gradient":""},"tablet":{"background-color":"var(--ast-global-color-5)","background-image":"","background-repeat":"repeat","background-position":"center center","background-size":"auto","background-attachment":"scroll","background-type":"","background-media":"","overlay-type":"","overlay-color":"","overlay-opacity":"","overlay-gradient":""},"mobile":{"background-color":"var(--ast-global-color-5)","background-image":"","background-repeat":"repeat","background-position":"center center","background-size":"auto","background-attachment":"scroll","background-type":"","background-media":"","overlay-type":"","overlay-color":"","overlay-opacity":"","overlay-gradient":""}},"footnotes":""},"class_list":["post-8097","page","type-page","status-publish","hentry"],"_links":{"self":[{"href":"https:\/\/www.polycon.fi\/sv\/wp-json\/wp\/v2\/pages\/8097","targetHints":{"allow":["GET"]}}],"collection":[{"href":"https:\/\/www.polycon.fi\/sv\/wp-json\/wp\/v2\/pages"}],"about":[{"href":"https:\/\/www.polycon.fi\/sv\/wp-json\/wp\/v2\/types\/page"}],"author":[{"embeddable":true,"href":"https:\/\/www.polycon.fi\/sv\/wp-json\/wp\/v2\/users\/1"}],"replies":[{"embeddable":true,"href":"https:\/\/www.polycon.fi\/sv\/wp-json\/wp\/v2\/comments?post=8097"}],"version-history":[{"count":25,"href":"https:\/\/www.polycon.fi\/sv\/wp-json\/wp\/v2\/pages\/8097\/revisions"}],"predecessor-version":[{"id":14389,"href":"https:\/\/www.polycon.fi\/sv\/wp-json\/wp\/v2\/pages\/8097\/revisions\/14389"}],"wp:attachment":[{"href":"https:\/\/www.polycon.fi\/sv\/wp-json\/wp\/v2\/media?parent=8097"}],"curies":[{"name":"wp","href":"https:\/\/api.w.org\/{rel}","templated":true}]}}