{"id":16277,"date":"2024-11-07T10:30:18","date_gmt":"2024-11-07T08:30:18","guid":{"rendered":"https:\/\/www.polycon.fi\/?page_id=16277"},"modified":"2024-11-12T11:01:38","modified_gmt":"2024-11-12T09:01:38","slug":"vaarinkaytosilmoitus","status":"publish","type":"page","link":"https:\/\/www.polycon.fi\/sv\/yritys\/vaarinkaytosilmoitus\/","title":{"rendered":"V\u00e4\u00e4rink\u00e4yt\u00f6silmoitus"},"content":{"rendered":"<div data-elementor-type=\"wp-page\" data-elementor-id=\"16277\" class=\"elementor elementor-16277\" data-elementor-post-type=\"page\">\n\t\t\t\t\t\t<section class=\"elementor-section elementor-top-section elementor-element elementor-element-9f45a15 elementor-section-boxed elementor-section-height-default elementor-section-height-default\" data-id=\"9f45a15\" data-element_type=\"section\" data-e-type=\"section\">\n\t\t\t\t\t\t<div class=\"elementor-container elementor-column-gap-default\">\n\t\t\t\t\t<div class=\"elementor-column elementor-col-100 elementor-top-column elementor-element elementor-element-78fcee0\" data-id=\"78fcee0\" data-element_type=\"column\" data-e-type=\"column\">\n\t\t\t<div class=\"elementor-widget-wrap elementor-element-populated\">\n\t\t\t\t\t\t<div class=\"elementor-element elementor-element-6f85c6d elementor-widget elementor-widget-heading\" data-id=\"6f85c6d\" data-element_type=\"widget\" data-e-type=\"widget\" data-widget_type=\"heading.default\">\n\t\t\t\t<div class=\"elementor-widget-container\">\n\t\t\t\t\t<h2 class=\"elementor-heading-title elementor-size-default\">V\u00e4\u00e4rink\u00e4yt\u00f6silmoitus<\/h2>\t\t\t\t<\/div>\n\t\t\t\t<\/div>\n\t\t\t\t\t<\/div>\n\t\t<\/div>\n\t\t\t\t\t<\/div>\n\t\t<\/section>\n\t\t\t\t<section class=\"elementor-section elementor-top-section elementor-element elementor-element-f0a569c elementor-section-boxed elementor-section-height-default elementor-section-height-default\" data-id=\"f0a569c\" data-element_type=\"section\" data-e-type=\"section\">\n\t\t\t\t\t\t<div class=\"elementor-container elementor-column-gap-default\">\n\t\t\t\t\t<div class=\"elementor-column elementor-col-100 elementor-top-column elementor-element elementor-element-80ce3e1\" data-id=\"80ce3e1\" data-element_type=\"column\" data-e-type=\"column\">\n\t\t\t<div class=\"elementor-widget-wrap elementor-element-populated\">\n\t\t\t\t\t\t<div class=\"elementor-element elementor-element-88f9334 elementor-widget elementor-widget-text-editor\" data-id=\"88f9334\" data-element_type=\"widget\" data-e-type=\"widget\" data-widget_type=\"text-editor.default\">\n\t\t\t\t<div class=\"elementor-widget-container\">\n\t\t\t\t\t\t\t\t\t<p><span data-contrast=\"auto\">Otamme Polyconilla v\u00e4\u00e4rink\u00e4yt\u00f6sep\u00e4ilyt vakavasti ja haluamme tarjota helpon sek\u00e4 luottamuksellisen kanavan niiden esiintuomiseen. V\u00e4\u00e4rink\u00e4yt\u00f6sep\u00e4ilyjen ilmoituskanava perustuu <\/span><a href=\"https:\/\/www.finlex.fi\/fi\/laki\/alkup\/2022\/20221171\"><span data-contrast=\"none\">ilmoittajansuojelulakiin<\/span><\/a><span data-contrast=\"auto\"> ja <\/span><a href=\"https:\/\/eur-lex.europa.eu\/legal-content\/fi\/TXT\/?uri=CELEX:32019L1937\"><span data-contrast=\"none\">Euroopan unionin ilmoittajansuojeludirektiiviin<\/span><\/a><span data-contrast=\"auto\">.<\/span><span data-ccp-props=\"{}\">\u00a0<\/span><\/p><p><span data-contrast=\"auto\">Toivomme, ett\u00e4 nostat t\u00e4m\u00e4n whistleblowing-kanavan kautta esiin mahdolliset v\u00e4\u00e4rink\u00e4yt\u00f6sep\u00e4ilysi. Ilmoituksesi voi sis\u00e4lt\u00e4\u00e4 tietoja esimerkiksi rikoksista, s\u00e4\u00e4nn\u00f6nvastaisuuksista sek\u00e4 EU:n tai kansallisten lakien rikkomuksista.<\/span><span data-ccp-props=\"{}\">\u00a0<\/span><\/p><p><span data-contrast=\"auto\">Kanava on tarkoitettu omalle henkil\u00f6st\u00f6llemme sek\u00e4 ulkoisille sidosryhmille. Ilmoituksen voi tehd\u00e4 my\u00f6s nimett\u00f6m\u00e4sti. Kaikki ilmoitukset k\u00e4sitell\u00e4\u00e4n luottamuksellisesti ja ilmoituksen tekij\u00e4n sek\u00e4 kohteen yksityisyytt\u00e4 suojaten. Whistleblowing-kanava on toteutettu siten, ett\u00e4 ilmoittajaa ei voida tunnistaa, mik\u00e4li ilmoitus tehd\u00e4\u00e4n nimett\u00f6m\u00e4n\u00e4. Henkil\u00f6tietojen k\u00e4sittelyss\u00e4 noudatetaan tietosuojalain (1050\/2018) mukaisia velvoitteita. Luottamuksellisuus p\u00e4tee my\u00f6s silloin, kun ilmoittaja itse tuo henkil\u00f6llisyytens\u00e4 esiin. Ilmoituskanava ei ole tarkoitettu asiakaspalautteen antamiseen tai reklamaation tekemiseen.<\/span><span data-ccp-props=\"{}\">\u00a0<\/span><\/p><p><b><span data-contrast=\"auto\">Ilmoittamaan p\u00e4\u00e4set <\/span><\/b><a href=\"https:\/\/www.firstwhistle.fi\/polycon##\"><b><span data-contrast=\"none\">t\u00e4\u00e4lt\u00e4<\/span><\/b><\/a><b><span data-contrast=\"auto\">.<\/span><\/b><span data-ccp-props=\"{}\">\u00a0<\/span><\/p><p><span data-contrast=\"auto\">Lis\u00e4tietoja ilmoittamisesta l\u00f6ytyy <\/span><a href=\"https:\/\/www.juuriharja.fi\/fi\/whistleblowing-ilmoittajalle-faq\"><span data-contrast=\"none\">palveluntarjoajamme sivuilta<\/span><\/a><span data-contrast=\"auto\">.<\/span><span data-ccp-props=\"{}\">\u00a0<\/span><\/p><p><span data-contrast=\"auto\">Jos sis\u00e4inen kanavamme ei toimi, voit tehd\u00e4 ilmoituksen ilmoittajansuojelulaissa tarkoitetuista v\u00e4\u00e4rink\u00e4yt\u00f6ksist\u00e4 <\/span><a href=\"https:\/\/turvaviesti.gov.fi\/ilmoituskanava-rapporteringskanal\"><span data-contrast=\"none\">oikeuskanslerin keskitetylle ulkoiselle ilmoituskanavalle<\/span><\/a><span data-contrast=\"auto\">.\u202f<\/span><span data-ccp-props=\"{}\">\u00a0<\/span><\/p>\t\t\t\t\t\t\t\t<\/div>\n\t\t\t\t<\/div>\n\t\t\t\t\t<\/div>\n\t\t<\/div>\n\t\t\t\t\t<\/div>\n\t\t<\/section>\n\t\t\t\t<\/div>","protected":false},"excerpt":{"rendered":"<p>V\u00e4\u00e4rink\u00e4yt\u00f6silmoitus Otamme Polyconilla v\u00e4\u00e4rink\u00e4yt\u00f6sep\u00e4ilyt vakavasti ja haluamme tarjota helpon sek\u00e4 luottamuksellisen kanavan niiden esiintuomiseen. V\u00e4\u00e4rink\u00e4yt\u00f6sep\u00e4ilyjen ilmoituskanava perustuu ilmoittajansuojelulakiin ja Euroopan unionin ilmoittajansuojeludirektiiviin.\u00a0 Toivomme, ett\u00e4 nostat t\u00e4m\u00e4n whistleblowing-kanavan kautta esiin mahdolliset v\u00e4\u00e4rink\u00e4yt\u00f6sep\u00e4ilysi. Ilmoituksesi voi sis\u00e4lt\u00e4\u00e4 tietoja esimerkiksi rikoksista, s\u00e4\u00e4nn\u00f6nvastaisuuksista sek\u00e4 EU:n tai kansallisten lakien rikkomuksista.\u00a0 Kanava on tarkoitettu omalle henkil\u00f6st\u00f6llemme sek\u00e4 ulkoisille sidosryhmille. Ilmoituksen voi tehd\u00e4 [&hellip;]<\/p>\n","protected":false},"author":1,"featured_media":0,"parent":368,"menu_order":0,"comment_status":"closed","ping_status":"closed","template":"","meta":{"site-sidebar-layout":"no-sidebar","site-content-layout":"page-builder","ast-site-content-layout":"full-width-container","site-content-style":"default","site-sidebar-style":"default","ast-global-header-display":"","ast-banner-title-visibility":"","ast-main-header-display":"","ast-hfb-above-header-display":"","ast-hfb-below-header-display":"","ast-hfb-mobile-header-display":"","site-post-title":"disabled","ast-breadcrumbs-content":"","ast-featured-img":"disabled","footer-sml-layout":"","ast-disable-related-posts":"","theme-transparent-header-meta":"","adv-header-id-meta":"","stick-header-meta":"","header-above-stick-meta":"","header-main-stick-meta":"","header-below-stick-meta":"","astra-migrate-meta-layouts":"set","ast-page-background-enabled":"default","ast-page-background-meta":{"desktop":{"background-color":"","background-image":"","background-repeat":"repeat","background-position":"center center","background-size":"auto","background-attachment":"scroll","background-type":"","background-media":"","overlay-type":"","overlay-color":"","overlay-opacity":"","overlay-gradient":""},"tablet":{"background-color":"","background-image":"","background-repeat":"repeat","background-position":"center center","background-size":"auto","background-attachment":"scroll","background-type":"","background-media":"","overlay-type":"","overlay-color":"","overlay-opacity":"","overlay-gradient":""},"mobile":{"background-color":"","background-image":"","background-repeat":"repeat","background-position":"center center","background-size":"auto","background-attachment":"scroll","background-type":"","background-media":"","overlay-type":"","overlay-color":"","overlay-opacity":"","overlay-gradient":""}},"ast-content-background-meta":{"desktop":{"background-color":"var(--ast-global-color-5)","background-image":"","background-repeat":"repeat","background-position":"center center","background-size":"auto","background-attachment":"scroll","background-type":"","background-media":"","overlay-type":"","overlay-color":"","overlay-opacity":"","overlay-gradient":""},"tablet":{"background-color":"var(--ast-global-color-5)","background-image":"","background-repeat":"repeat","background-position":"center center","background-size":"auto","background-attachment":"scroll","background-type":"","background-media":"","overlay-type":"","overlay-color":"","overlay-opacity":"","overlay-gradient":""},"mobile":{"background-color":"var(--ast-global-color-5)","background-image":"","background-repeat":"repeat","background-position":"center center","background-size":"auto","background-attachment":"scroll","background-type":"","background-media":"","overlay-type":"","overlay-color":"","overlay-opacity":"","overlay-gradient":""}},"footnotes":""},"class_list":["post-16277","page","type-page","status-publish","hentry"],"_links":{"self":[{"href":"https:\/\/www.polycon.fi\/sv\/wp-json\/wp\/v2\/pages\/16277","targetHints":{"allow":["GET"]}}],"collection":[{"href":"https:\/\/www.polycon.fi\/sv\/wp-json\/wp\/v2\/pages"}],"about":[{"href":"https:\/\/www.polycon.fi\/sv\/wp-json\/wp\/v2\/types\/page"}],"author":[{"embeddable":true,"href":"https:\/\/www.polycon.fi\/sv\/wp-json\/wp\/v2\/users\/1"}],"replies":[{"embeddable":true,"href":"https:\/\/www.polycon.fi\/sv\/wp-json\/wp\/v2\/comments?post=16277"}],"version-history":[{"count":67,"href":"https:\/\/www.polycon.fi\/sv\/wp-json\/wp\/v2\/pages\/16277\/revisions"}],"predecessor-version":[{"id":16349,"href":"https:\/\/www.polycon.fi\/sv\/wp-json\/wp\/v2\/pages\/16277\/revisions\/16349"}],"up":[{"embeddable":true,"href":"https:\/\/www.polycon.fi\/sv\/wp-json\/wp\/v2\/pages\/368"}],"wp:attachment":[{"href":"https:\/\/www.polycon.fi\/sv\/wp-json\/wp\/v2\/media?parent=16277"}],"curies":[{"name":"wp","href":"https:\/\/api.w.org\/{rel}","templated":true}]}}